{"id":1548,"date":"2023-01-11T09:34:54","date_gmt":"2023-01-11T08:34:54","guid":{"rendered":"https:\/\/gossip-themes.com\/minervawp\/?post_type=product&#038;p=1271"},"modified":"2025-06-11T11:54:28","modified_gmt":"2025-06-11T09:54:28","slug":"tote-bag-power-to-the-people","status":"publish","type":"product","link":"https:\/\/adelphitefrance.com\/?product=tote-bag-power-to-the-people","title":{"rendered":"Tote bag engag\u00e9 \u00abPower to the people\u00bb \ud83e\udef6"},"content":{"rendered":"<h2 class=\"elementor-heading-title elementor-size-default\">Exprime tes convictions avec fiert\u00e9 gr\u00e2ce \u00e0 ton (futur) t\u00f4te-bag engag\u00e9 pr\u00e9f\u00e9r\u00e9 \ud83e\udef6.<\/h2>\n<div class=\"woocommerce-product-details__short-description\">\n<div class=\"elementor-element elementor-element-3ea8035 elementor-widget elementor-widget-heading\" data-id=\"3ea8035\" data-element_type=\"widget\" data-widget_type=\"heading.default\">\n<div class=\"elementor-widget-container\"><span class=\"elementor-heading-title elementor-size-default\">Exp\u00e9dition de ton t\u00f4te-bag f\u00e9ministe sous 72h \u231b<\/span><\/div>\n<\/div>\n<div class=\"elementor-element elementor-element-60aa0b6 elementor-widget elementor-widget-heading\" data-id=\"60aa0b6\" data-element_type=\"widget\" data-widget_type=\"heading.default\">\n<div class=\"elementor-widget-container\"><span class=\"elementor-heading-title elementor-size-default\">Label Et Qualit\u00e9 : OEKO-TEX\u00ae<\/span><\/div>\n<\/div>\n<div class=\"elementor-element elementor-element-8d4b304 elementor-widget elementor-widget-heading\" data-id=\"8d4b304\" data-element_type=\"widget\" data-widget_type=\"heading.default\">\n<div class=\"elementor-widget-container\"><span class=\"elementor-heading-title elementor-size-default\">Mati\u00e8re : 100% Coton<\/span><\/div>\n<\/div>\n<\/div>\n","protected":false},"excerpt":{"rendered":"<div class=\"woocommerce-product-details__short-description\">\n<div class=\"elementor-element elementor-element-8d4b304 elementor-widget elementor-widget-heading\" data-id=\"8d4b304\" data-element_type=\"widget\" data-widget_type=\"heading.default\">\n<div class=\"elementor-widget-container\">Tu en as marre des marques aux slogans d&#8217;empowerment, vides de sens, vus et revus partout?<\/div>\n<\/div>\n<div>\n<p>Bah, nous aussi !<\/p>\n<p>Parce que si le v\u00eatement est un langage\u2026 Et bien nous le voulons inclusif \ud83d\ude09<\/p>\n<p>Exprime-toi avec fiert\u00e9 en portant tes convictions gr\u00e2ce \u00e0 ton (futur) tote-bag engag\u00e9 pr\u00e9f\u00e9r\u00e9 !<\/p>\n<p>Ce tote-bag aux messages d&rsquo;inclusion et d&#8217;empowerment est destin\u00e9 \u00e0 <strong>donner du pouvoir<\/strong> \u00e0 toustes les personnes qui en ont besoin !<\/p>\n<p>\ud83d\ude4c Porte-le comme un<strong> message pour toustes<\/strong>.<\/p>\n<p>\ud83d\ude4c Porte-le comme un symbole de ton <strong>engagement intersectionnel<\/strong>.<\/p>\n<p>\ud83d\ude4c Porte-le comme un rappel que tu <strong>fais partie d&rsquo;une communaut\u00e9 engag\u00e9e<\/strong> qui revendique autant ses droits que les tiens.<\/p>\n<p>Mais avant tout, porte-le pour toi, parce que tout part de l\u00e0.<\/p>\n<\/div>\n<\/div>\n<p style=\"text-align: center;\"><strong>Inscription du tote-bag engag\u00e9 :<\/strong><\/p>\n<p><em>\u00ab\u00a0La libert\u00e9 ne devrait pas \u00eatre r\u00e9serv\u00e9e \u00e0 une \u00e9lite privil\u00e9gi\u00e9e, mais plut\u00f4t appartenir \u00e0 tout le peuple. Nous devons d\u00e9noncer les syst\u00e8mes qui cherchent \u00e0 opprimer et maintenir les dites minorit\u00e9s dans une position de subordination. En refusant les syst\u00e8mes oppressifs qui cherchent \u00e0 diviser et \u00e0 maintenir certaines personnes dans une position de faiblesse, je fais le choix de cr\u00e9er une communaut\u00e9 forte et soud\u00e9e, o\u00f9 chacun et chacune a sa place et est respect\u00e9\u00b7e.\u00a0\u00bb<\/em><\/p>\n","protected":false},"featured_media":2489,"comment_status":"open","ping_status":"closed","template":"","meta":[],"product_brand":[],"product_cat":[74],"product_tag":[],"class_list":{"0":"post-1548","1":"product","2":"type-product","3":"status-publish","4":"has-post-thumbnail","6":"product_cat-tote-bag","8":"first","9":"instock","10":"taxable","11":"shipping-taxable","12":"purchasable","13":"product-type-simple"},"_links":{"self":[{"href":"https:\/\/adelphitefrance.com\/index.php?rest_route=\/wp\/v2\/product\/1548","targetHints":{"allow":["GET"]}}],"collection":[{"href":"https:\/\/adelphitefrance.com\/index.php?rest_route=\/wp\/v2\/product"}],"about":[{"href":"https:\/\/adelphitefrance.com\/index.php?rest_route=\/wp\/v2\/types\/product"}],"replies":[{"embeddable":true,"href":"https:\/\/adelphitefrance.com\/index.php?rest_route=%2Fwp%2Fv2%2Fcomments&post=1548"}],"wp:featuredmedia":[{"embeddable":true,"href":"https:\/\/adelphitefrance.com\/index.php?rest_route=\/wp\/v2\/media\/2489"}],"wp:attachment":[{"href":"https:\/\/adelphitefrance.com\/index.php?rest_route=%2Fwp%2Fv2%2Fmedia&parent=1548"}],"wp:term":[{"taxonomy":"product_brand","embeddable":true,"href":"https:\/\/adelphitefrance.com\/index.php?rest_route=%2Fwp%2Fv2%2Fproduct_brand&post=1548"},{"taxonomy":"product_cat","embeddable":true,"href":"https:\/\/adelphitefrance.com\/index.php?rest_route=%2Fwp%2Fv2%2Fproduct_cat&post=1548"},{"taxonomy":"product_tag","embeddable":true,"href":"https:\/\/adelphitefrance.com\/index.php?rest_route=%2Fwp%2Fv2%2Fproduct_tag&post=1548"}],"curies":[{"name":"wp","href":"https:\/\/api.w.org\/{rel}","templated":true}]}}